{"id":2018,"date":"2023-02-13T07:15:53","date_gmt":"2023-02-13T06:15:53","guid":{"rendered":"https:\/\/tecemabogados.com\/about-tecem-asesores-malaga\/"},"modified":"2025-08-18T14:52:26","modified_gmt":"2025-08-18T12:52:26","slug":"about-tecem","status":"publish","type":"page","link":"https:\/\/administradoresdefincasmalaga.com\/en\/about-tecem\/","title":{"rendered":"About Tecem &#8211; Asesores M\u00e1laga"},"content":{"rendered":"\t\t<div data-elementor-type=\"wp-page\" data-elementor-id=\"2018\" class=\"elementor elementor-2018 elementor-87\" data-elementor-post-type=\"page\">\n\t\t\t\t\t\t<section class=\"elementor-section elementor-top-section elementor-element elementor-element-8ac5800 elementor-section-full_width elementor-section-height-default elementor-section-height-default\" data-id=\"8ac5800\" data-element_type=\"section\" data-e-type=\"section\">\n\t\t\t\t\t\t<div class=\"elementor-container elementor-column-gap-no\">\n\t\t\t\t\t<div class=\"elementor-column elementor-col-100 elementor-top-column elementor-element elementor-element-f440656\" data-id=\"f440656\" data-element_type=\"column\" data-e-type=\"column\">\n\t\t\t<div class=\"elementor-widget-wrap elementor-element-populated\">\n\t\t\t\t\t\t<div class=\"elementor-element elementor-element-eb39472 elementor-widget elementor-widget-tg-mission-vision\" data-id=\"eb39472\" data-element_type=\"widget\" data-e-type=\"widget\" data-widget_type=\"tg-mission-vision.default\">\n\t\t\t\t<div class=\"elementor-widget-container\">\n\t\t\t\t\t\r\n        \r\n            <!-- mission-area -->\r\n            <section class=\"mission-area\">\r\n                <div class=\"container\">\r\n                    <div class=\"row align-items-center\">\r\n\r\n                                                <div class=\"col-lg-6\">\r\n                            <div class=\"mission-img\">\r\n                                <img decoding=\"async\" src=\"https:\/\/administradoresdefincasmalaga.com\/wp-content\/uploads\/2024\/06\/Tecem-Abogados-y-Asesores-abogados-en-Malaga-asesores-en-Benalmadena-asesoria-legal-asesoria-fiscal-asesoria-contable-administracion-de-fincas-servicios-juridicos-23-copia.jpg\" alt=\"Tecem Abogados y Asesores abogados en M\u00e1laga, asesores en Benalm\u00e1dena, asesor\u00eda legal, asesor\u00eda fiscal, asesor\u00eda contable, administraci\u00f3n de fincas, servicios jur\u00eddicos 23 copia\">\r\n                            <\/div>\r\n                        <\/div>\r\n                        \r\n                        <div class=\"col-lg-6\">\r\n                            <div class=\"mission-content\">\r\n                                                                <div class=\"section-title mb-40\">\r\n\r\n                                                                        <span class=\"sub-title\">Tecem Abogados<\/span>\r\n                                    \r\n                                    <h2 class=\"title\">Nuestro compromiso con nuestros clientes<\/h2>\r\n                                <\/div>\r\n\r\n                                                                    <p class=\"desc\">Somos Tecem Abogados y Asesores Tributarios, una firma legal y de asesor\u00eda tributaria con una s\u00f3lida presencia en M\u00e1laga. Nuestra historia se basa en el compromiso con la excelencia, la profesionalidad y la satisfacci\u00f3n del cliente. Desde nuestra fundaci\u00f3n, hemos acumulado m\u00e1s de 10 a\u00f1os de experiencia en el campo legal y tributario, y hemos desarrollado una s\u00f3lida reputaci\u00f3n por brindar soluciones efectivas y personalizadas a nuestros clientes.<\/p>\r\n                                \r\n                                \r\n                                \r\n                            <\/div>\r\n                        <\/div>\r\n                    <\/div>\r\n                <\/div>\r\n            <\/section>\r\n            <!-- mission-area-end -->\r\n\r\n        \r\n    \t\t\t\t<\/div>\n\t\t\t\t<\/div>\n\t\t\t\t\t<\/div>\n\t\t<\/div>\n\t\t\t\t\t<\/div>\n\t\t<\/section>\n\t\t\t\t<section class=\"elementor-section elementor-top-section elementor-element elementor-element-a91118a elementor-section-full_width elementor-section-height-default elementor-section-height-default\" data-id=\"a91118a\" data-element_type=\"section\" data-e-type=\"section\">\n\t\t\t\t\t\t<div class=\"elementor-container elementor-column-gap-no\">\n\t\t\t\t\t<div class=\"elementor-column elementor-col-100 elementor-top-column elementor-element elementor-element-c33b17d\" data-id=\"c33b17d\" data-element_type=\"column\" data-e-type=\"column\">\n\t\t\t<div class=\"elementor-widget-wrap elementor-element-populated\">\n\t\t\t\t\t\t<div class=\"elementor-element elementor-element-6fc7720 elementor-widget elementor-widget-tg-mission-vision\" data-id=\"6fc7720\" data-element_type=\"widget\" data-e-type=\"widget\" data-widget_type=\"tg-mission-vision.default\">\n\t\t\t\t<div class=\"elementor-widget-container\">\n\t\t\t\t\t\r\n        \r\n            <!-- vision-area -->\r\n            <section class=\"vision-area\">\r\n                <div class=\"container\">\r\n                    <div class=\"row align-items-center\">\r\n\r\n                                                <div class=\"col-lg-6 order-0 order-lg-2\">\r\n                            <div class=\"vision-img text-center\">\r\n                                <img decoding=\"async\" src=\"https:\/\/administradoresdefincasmalaga.com\/wp-content\/uploads\/2024\/06\/Tecem-Abogados-y-Asesores-abogados-en-Malaga-asesores-en-Benalmadena-asesoria-legal-asesoria-fiscal-asesoria-contable-administracion-de-fincas-servicios-juridicos-32-copia-1.jpg\" alt=\"En Tecem Abogados, ofrecemos una amplia gama de servicios dise\u00f1ados para satisfacer las necesidades legales Asesoria de empresas M\u00e1laga\">\r\n                            <\/div>\r\n                        <\/div>\r\n                        \r\n                        <div class=\"col-lg-6\">\r\n                            <div class=\"vision-content\">\r\n                                                                <div class=\"section-title mb-35\">\r\n                                                                            <span class=\"sub-title\">M\u00e1s de 1000 clientes conf\u00edan en nosotros<\/span>\r\n                                    \r\n                                    <h2 class=\"title\">Nuestros valores y misi\u00f3n<\/h2>                                <\/div>\r\n\r\n                                                                    <p class=\"desc\">En Tecem, nos enorgullece nuestro equipo de abogados y asesores altamente capacitados, comprometidos en proporcionar un servicio de calidad en cada caso y proyecto. Nuestra pasi\u00f3n por el derecho y la asesor\u00eda tributaria nos impulsa a mantenernos actualizados con las \u00faltimas tendencias y regulaciones, lo que nos permite ofrecer asesoramiento y representaci\u00f3n de vanguardia.\n\nNuestro compromiso con la profesionalidad y la \u00e9tica en cada interacci\u00f3n con nuestros clientes nos ha convertido en un socio confiable para empresas, profesionales y particulares que buscan respuestas s\u00f3lidas a sus necesidades legales y tributarias. Estamos aqu\u00ed para brindarte el apoyo y la experiencia necesarios para navegar con \u00e9xito en el complejo mundo legal y tributario.\n\n\n\n<\/p>\r\n                                \r\n                                \r\n                                                                    <img decoding=\"async\" src=\"https:\/\/administradoresdefincasmalaga.com\/wp-content\/uploads\/2023\/03\/sine.png\" class=\"sign\" alt=\"Tecem Abogados y Asesores \u2014 Despacho en M\u00e1laga\">\r\n                                \r\n                            <\/div>\r\n                        <\/div>\r\n                    <\/div>\r\n                <\/div>\r\n            <\/section>\r\n            <!-- vision-area-end -->\r\n\r\n        \r\n    \t\t\t\t<\/div>\n\t\t\t\t<\/div>\n\t\t\t\t\t<\/div>\n\t\t<\/div>\n\t\t\t\t\t<\/div>\n\t\t<\/section>\n\t\t\t\t<section class=\"elementor-section elementor-top-section elementor-element elementor-element-dfbb043 elementor-section-full_width elementor-section-height-default elementor-section-height-default\" data-id=\"dfbb043\" data-element_type=\"section\" data-e-type=\"section\" data-settings=\"{&quot;background_background&quot;:&quot;classic&quot;}\">\n\t\t\t\t\t\t<div class=\"elementor-container elementor-column-gap-no\">\n\t\t\t\t\t<div class=\"elementor-column elementor-col-100 elementor-top-column elementor-element elementor-element-10339d0\" data-id=\"10339d0\" data-element_type=\"column\" data-e-type=\"column\">\n\t\t\t<div class=\"elementor-widget-wrap elementor-element-populated\">\n\t\t\t\t\t\t<div class=\"elementor-element elementor-element-c5c0be1 elementor-widget elementor-widget-tg-services\" data-id=\"c5c0be1\" data-element_type=\"widget\" data-e-type=\"widget\" data-widget_type=\"tg-services.default\">\n\t\t\t\t<div class=\"elementor-widget-container\">\n\t\t\t\t\t\r\n        \r\n            <!-- services-area -->\r\n            <section class=\"services-area\">\r\n                <div class=\"container\">\r\n\r\n                                        <div class=\"row justify-content-center\">\r\n                        <div class=\"col-xl-7 col-lg-8\">\r\n                            <div class=\"section-title text-center mb-55\">\r\n\r\n                                                                <span class=\"sub-title\">Qu\u00e9 hacemos<\/span>\r\n                                \r\n                                <h2 class=\"title\">Asesoramiento Legal y Tributario en M\u00e1laga<\/h2>\r\n                            <\/div>\r\n                        <\/div>\r\n                    <\/div>\r\n                    \r\n                    <div class=\"row justify-content-center\">\r\n\r\n                                                <div class=\"col-lg-4 col-md-6 col-sm-10\">\r\n                            <div class=\"services-item\">\r\n\r\n                                \r\n                                <div class=\"services-content\">\r\n\r\n                                                                        <h2 class=\"title\"><a href=\"https:\/\/administradoresdefincasmalaga.com\/Asesor\u00eda\/asesoria-laboral-en-malaga\/\">Compromiso con la Excelencia<\/a><\/h2>\r\n                                    \r\n                                                                        <p>En Tecem Abogados, nuestra filosof\u00eda se basa en el compromiso constante con la excelencia. Creemos en ofrecer servicios de la m\u00e1s alta calidad, adaptados a las necesidades espec\u00edficas de cada cliente. Nos esforzamos por mantenernos actualizados con las \u00faltimas novedades legales y fiscales para proporcionar asesor\u00eda integral y efectiva.<\/p>\r\n                                    \r\n                                                                        <a href=\"https:\/\/administradoresdefincasmalaga.com\/Asesor\u00eda\/asesoria-laboral-en-malaga\/\" class=\"text-btn\">M\u00e1s info<\/a>\r\n                                    \r\n                                <\/div>\r\n                            <\/div>\r\n                        <\/div>\r\n                                                <div class=\"col-lg-4 col-md-6 col-sm-10\">\r\n                            <div class=\"services-item\">\r\n\r\n                                \r\n                                <div class=\"services-content\">\r\n\r\n                                                                        <h2 class=\"title\"><a href=\"https:\/\/administradoresdefincasmalaga.com\/Asesor\u00eda\/asesoria-fiscal-en-malaga\/\">Soluciones Jur\u00eddicas y Fiscales<\/a><\/h2>\r\n                                    \r\n                                                                        <p>Nuestra misi\u00f3n es proporcionar soluciones jur\u00eddicas y fiscales que ayuden a nuestros clientes a alcanzar sus objetivos. Nos dedicamos a brindar un servicio personalizado, enfocado en la transparencia, la integridad y la eficiencia. Tecem Abogados y Asesores se compromete a defender los intereses de nuestros clientes y asegurar su tranquilidad y \u00e9xito en cada proyecto.<\/p>\r\n                                    \r\n                                                                        <a href=\"https:\/\/administradoresdefincasmalaga.com\/Asesor\u00eda\/asesoria-fiscal-en-malaga\/\" class=\"text-btn\">M\u00e1s info<\/a>\r\n                                    \r\n                                <\/div>\r\n                            <\/div>\r\n                        <\/div>\r\n                                                <div class=\"col-lg-4 col-md-6 col-sm-10\">\r\n                            <div class=\"services-item\">\r\n\r\n                                \r\n                                <div class=\"services-content\">\r\n\r\n                                                                        <h2 class=\"title\"><a href=\"https:\/\/administradoresdefincasmalaga.com\/contacto\/\">Integridad y profesionalismo<\/a><\/h2>\r\n                                    \r\n                                                                        <p>Nuestros valores fundamentales son la integridad, el profesionalismo y el compromiso. En Tecem Abogados y Asesores, actuamos con la m\u00e1xima \u00e9tica en todas nuestras acciones, ofreciendo un servicio profesional basado en el respeto y la responsabilidad. Nos comprometemos a mantener una relaci\u00f3n cercana y de confianza con nuestros clientes, asegurando su satisfacci\u00f3n y fidelidad<\/p>\r\n                                    \r\n                                                                        <a href=\"https:\/\/administradoresdefincasmalaga.com\/contacto\/\" class=\"text-btn\">M\u00e1s info<\/a>\r\n                                    \r\n                                <\/div>\r\n                            <\/div>\r\n                        <\/div>\r\n                        \r\n                    <\/div>\r\n                <\/div>\r\n            <\/section>\r\n            <!-- services-area-end -->\r\n\r\n        \r\n    \t\t\t\t<\/div>\n\t\t\t\t<\/div>\n\t\t\t\t\t<\/div>\n\t\t<\/div>\n\t\t\t\t\t<\/div>\n\t\t<\/section>\n\t\t\t\t<section class=\"elementor-section elementor-top-section elementor-element elementor-element-5cb8ef1 elementor-section-full_width elementor-section-height-default elementor-section-height-default\" data-id=\"5cb8ef1\" data-element_type=\"section\" data-e-type=\"section\" data-settings=\"{&quot;background_background&quot;:&quot;classic&quot;}\">\n\t\t\t\t\t\t<div class=\"elementor-container elementor-column-gap-no\">\n\t\t\t\t\t<div class=\"elementor-column elementor-col-100 elementor-top-column elementor-element elementor-element-e308595\" data-id=\"e308595\" data-element_type=\"column\" data-e-type=\"column\">\n\t\t\t<div class=\"elementor-widget-wrap elementor-element-populated\">\n\t\t\t\t\t\t<div class=\"elementor-element elementor-element-db7121e elementor-widget elementor-widget-tg-project\" data-id=\"db7121e\" data-element_type=\"widget\" data-e-type=\"widget\" data-widget_type=\"tg-project.default\">\n\t\t\t\t<div class=\"elementor-widget-container\">\n\t\t\t\t\t\r\n        \r\n            <!-- project-area -->\r\n            <section class=\"project-area\">\r\n                <div class=\"container\">\r\n\r\n                                        <div class=\"row justify-content-center\">\r\n                        <div class=\"col-xl-8\">\r\n                            <div class=\"section-title text-center mb-60\">\r\n\r\n                                                                <span class=\"sub-title\">TECEM ABOGADOS<\/span>\r\n                                \r\n                                <h2 class=\"title\">\u00bfTienes alguna pregunta? estamos encantados de asesorarte lo antes posible<\/h2>\r\n                            <\/div>\r\n                        <\/div>\r\n                    <\/div>\r\n                    \r\n                    <div class=\"project-item-wrap\">\r\n                        <div class=\"row\">\r\n                            \r\n                                \r\n                                                    <\/div>\r\n\r\n                                                <div class=\"view-all-btn text-center\">\r\n                            <a href=\"https:\/\/administradoresdefincasmalaga.com\/contacto\/\" target=\"_self\" rel=\"nofollow\" class=\"btn transparent-btn\" >\r\n                                <div class=\"btn_m\">\r\n                                    <div class=\"btn_c\">\r\n                                        <div class=\"btn_t1\">CONT\u00c1CTANOS<\/div>\r\n                                        <div class=\"btn_t2\">CONT\u00c1CTANOS<\/div>\r\n                                    <\/div>\r\n                                <\/div>\r\n                            <\/a>\r\n                        <\/div>\r\n                        \r\n                    <\/div>\r\n                <\/div>\r\n            <\/section>\r\n            <!-- project-area-end -->\r\n\r\n        \r\n\r\n    \t\t\t\t<\/div>\n\t\t\t\t<\/div>\n\t\t\t\t\t<\/div>\n\t\t<\/div>\n\t\t\t\t\t<\/div>\n\t\t<\/section>\n\t\t\t\t<\/div>\n\t\t","protected":false},"excerpt":{"rendered":"<p>Tecem Abogados Nuestro compromiso con nuestros clientes Somos Tecem Abogados y Asesores Tributarios, una firma legal y de asesor\u00eda tributaria con una s\u00f3lida presencia en M\u00e1laga. Nuestra historia se basa en el compromiso con la excelencia, la profesionalidad y la satisfacci\u00f3n del cliente. Desde nuestra fundaci\u00f3n, hemos acumulado m\u00e1s de 30 a\u00f1os de experiencia en [&hellip;]<\/p>\n","protected":false},"author":1,"featured_media":0,"parent":0,"menu_order":0,"comment_status":"closed","ping_status":"closed","template":"elementor_header_footer","meta":{"_acf_changed":false,"footnotes":""},"class_list":["post-2018","page","type-page","status-publish","hentry"],"acf":[],"_links":{"self":[{"href":"https:\/\/administradoresdefincasmalaga.com\/en\/wp-json\/wp\/v2\/pages\/2018","targetHints":{"allow":["GET"]}}],"collection":[{"href":"https:\/\/administradoresdefincasmalaga.com\/en\/wp-json\/wp\/v2\/pages"}],"about":[{"href":"https:\/\/administradoresdefincasmalaga.com\/en\/wp-json\/wp\/v2\/types\/page"}],"author":[{"embeddable":true,"href":"https:\/\/administradoresdefincasmalaga.com\/en\/wp-json\/wp\/v2\/users\/1"}],"replies":[{"embeddable":true,"href":"https:\/\/administradoresdefincasmalaga.com\/en\/wp-json\/wp\/v2\/comments?post=2018"}],"version-history":[{"count":7,"href":"https:\/\/administradoresdefincasmalaga.com\/en\/wp-json\/wp\/v2\/pages\/2018\/revisions"}],"predecessor-version":[{"id":2284,"href":"https:\/\/administradoresdefincasmalaga.com\/en\/wp-json\/wp\/v2\/pages\/2018\/revisions\/2284"}],"wp:attachment":[{"href":"https:\/\/administradoresdefincasmalaga.com\/en\/wp-json\/wp\/v2\/media?parent=2018"}],"curies":[{"name":"wp","href":"https:\/\/api.w.org\/{rel}","templated":true}]}}